{"id":7868,"date":"2020-06-26T09:18:29","date_gmt":"2020-06-26T08:18:29","guid":{"rendered":"https:\/\/alp-rent.com\/termini-e-condizioni\/"},"modified":"2020-06-26T09:18:29","modified_gmt":"2020-06-26T08:18:29","slug":"termini-e-condizioni","status":"publish","type":"page","link":"https:\/\/alp-rent.com\/it\/termini-e-condizioni\/","title":{"rendered":"Termini e condizioni"},"content":{"rendered":"<h2>1. Prenotazioni<\/h2>\n<ul>\n<li>Le presenti Condizioni Generali di Soggiorno entreranno in vigore una volta ricevuta la prenotazione vincolante per il tuo arrivo.<\/li>\n<li>Puoi prenotare per telefono, via e-mail o tramite il nostro sistema di prenotazione online.<\/li>\n<li>Puoi confermare la tua prenotazione con carta di credito o pagamento anticipato.<\/li>\n<li>Il numero minimo di notti dipende dalla stagione di prenotazione, che viene specificata nella scheda contatti e prenotazioni.<\/li>\n<\/ul>\n<h2>2. Arrivo<\/h2>\n<ul>\n<li>Le prenotazioni sono valide dalle 14:00 del giorno di arrivo alle 10:00 del giorno di partenza.  <\/li>\n<li>Riceverai le istruzioni per il ritiro delle chiavi via e-mail qualche giorno prima del tuo arrivo.<\/li>\n<\/ul>\n<h2>3. Pagamento<\/h2>\n<ul>\n<li>Puoi pagare il tuo alloggio con carta di credito o Paypal.<\/li>\n<li>In caso di cancellazione di una prenotazione pagata con carta di credito e Paypal, il cliente \u00e8 responsabile del costo del rimborso.<\/li>\n<\/ul>\n<h2>4. Prezzi<\/h2>\n<ul>\n<li>Le tariffe degli alloggi sono comprensive di IVA.<\/li>\n<li>La tariffa della camera non include bevande, cibo, telefono e babysitter.<\/li>\n<li>Le offerte speciali e promozionali sono valide a meno che il soggiorno non venga abbreviato.<\/li>\n<li>Gli sconti non sono cumulabili.<\/li>\n<\/ul>\n<h2>5. Tassa di soggiorno<\/h2>\n<ul>\n<li>Il prezzo dell&#8217;alloggio \u00e8 maggiorato dell&#8217;importo della tassa di soggiorno, fissata dal decreto del Comune di Osilnica e del Comune di Kostel.<\/li>\n<\/ul>\n<h2>6. Risposta<\/h2>\n<ul>\n<li>in caso di cancellazione 30 giorni prima dell&#8217;arrivo, l&#8217;intero importo del pagamento anticipato sar\u00e0 rimborsato,<\/li>\n<li>Le cancellazioni effettuate meno di 30 giorni prima dell&#8217;arrivo comportano l&#8217;addebito del 30% dell&#8217;importo della prenotazione,<\/li>\n<li>Le cancellazioni effettuate 21 giorni prima dell&#8217;arrivo comportano l&#8217;addebito dell&#8217;intero importo della prenotazione.<\/li>\n<\/ul>\n<ul>\n<li>In caso di partenza anticipata, verr\u00e0 applicato un addebito per ogni notte cancellata.<\/li>\n<li>La cancellazione deve avvenire per iscritto.<\/li>\n<li>Se non puoi viaggiare a causa di un&#8217;epidemia di virus corona, ti preghiamo di informare il tuo ospite almeno 3 giorni prima del tuo arrivo.<\/li>\n<\/ul>\n<h2>7. Animali domestici<\/h2>\n<ul>\n<li>Se desideri portare con te degli animali domestici, devi informare il tuo padrone di casa in anticipo.<\/li>\n<li>Gli animali domestici sono ammessi con un supplemento.<\/li>\n<\/ul>\n<h2>8. Fumo<\/h2>\n<ul>\n<li>Non \u00e8 consentito fumare nella casa vacanze. \u00c8 possibile fumare all&#8217;esterno. <\/li>\n<\/ul>\n<h2>9. Diritto di rifiutare<\/h2>\n<ul>\n<li>Ci riserviamo il diritto di rifiutare una prenotazione e, in circostanze particolari, il diritto di cancellare, adattare o modificare il tuo pacchetto.<\/li>\n<li>Se dobbiamo cancellare, modificare o cambiare una prenotazione, faremo del nostro meglio per offrirti una data alternativa. Se non accetti la nostra offerta alternativa, ti rimborseremo l&#8217;importo pagato. <\/li>\n<\/ul>\n<h2>10. Numero di ospiti<\/h2>\n<ul>\n<li>Il proprietario si riserva il diritto di rifiutare l&#8217;ingresso o di espellere l&#8217;intero gruppo se il numero di persone supera quello specificato nel contratto.<\/li>\n<\/ul>\n<h2>11. Perdita e danneggiamento della propriet\u00e0 degli ospiti<\/h2>\n<ul>\n<li>Purtroppo non possiamo essere ritenuti responsabili di oggetti smarriti o danneggiati o di infortuni subiti da te o da qualcuno del tuo gruppo durante il soggiorno nella nostra propriet\u00e0.<\/li>\n<li>Puoi conservare il tuo denaro e i tuoi oggetti di valore nella cassaforte.<\/li>\n<\/ul>\n<h2>12. Reclami<\/h2>\n<ul>\n<li>Se l&#8217;alloggio presenta dei difetti, l&#8217;ospite deve informare immediatamente l&#8217;albergatore e permettergli di risolvere il problema entro un tempo ragionevole. Se l&#8217;ospite non lo fa, non avr\u00e0 diritto a cambiare la durata dell&#8217;alloggio. <\/li>\n<\/ul>\n<h2>13. Accesso e diritto di entrata<\/h2>\n<ul>\n<li>Ci riserviamo il diritto di entrare nella casa vacanze in momenti ragionevoli e per motivi legittimi.<\/li>\n<li>Il proprietario dell&#8217;immobile e il personale addetto alla manutenzione possono accedere alla casa vacanze per motivi legittimi, in particolare per interventi di manutenzione e ispezione urgenti.<\/li>\n<\/ul>\n<h2>14. Uso illegale<\/h2>\n<ul>\n<li>Il presente Contratto sar\u00e0 risolto senza rimborso dei costi o dei depositi di locazione, in caso di uso illegale di droghe, abuso di qualsiasi persona, ricovero di rifugiati, ecc.<\/li>\n<\/ul>\n<h2>15. Ore di riposo<\/h2>\n<ul>\n<li>I periodi di riposo nella casa vacanze vanno dalle 22:00 alle 07:00 tutti i giorni.<\/li>\n<li>Non sono ammesse feste o &#8220;house party&#8221;.<\/li>\n<\/ul>\n<h2>16. Contratto di carta di credito<\/h2>\n<ul>\n<li>Il Cliente accetta tutti i termini e le condizioni del Contratto di locazione e si assume tutti gli obblighi per l&#8217;affitto e le spese relative all&#8217;affitto della Casa e a qualsiasi danno che vada oltre la normale usura durante la durata dell&#8217;affitto della Villa. Il Cliente accetta che tali spese vengano addebitate sulla carta di credito. In assenza di altri mezzi di pagamento, il Cliente autorizza Naval Spycom Ltd. ad addebitare sulla carta di credito del Cliente il pagamento di tutte le voci elencate. Naval Spycom Ltd. potr\u00e0 ottenere eventuali fondi o carte di credito da altri agenti (AirBnB, Booking.com, Expedia&#8230;).   <\/li>\n<\/ul>\n<h2>17. Modifiche o cancellazioni da parte del Proprietario<\/h2>\n<ul>\n<li>Il Titolare avr\u00e0 il diritto di modificare o risolvere il presente Contratto in qualsiasi momento per qualsiasi motivo, sia esso dovuto a cause di forza maggiore o comunque al di fuori del controllo del Titolare. In questo caso, il Proprietario rimborser\u00e0 qualsiasi somma gi\u00e0 depositata dall&#8217;Utente. La responsabilit\u00e0 del Proprietario \u00e8 limitata alla restituzione del deposito. Il Proprietario non sar\u00e0 responsabile per altri danni.   <\/li>\n<\/ul>\n","protected":false},"excerpt":{"rendered":"<p>1. Prenotazioni Le presenti Condizioni Generali di Soggiorno entreranno in vigore una volta ricevuta la prenotazione vincolante per il tuo arrivo. Puoi prenotare per telefono, via e-mail o tramite il nostro sistema di prenotazione online. Puoi confermare la tua prenotazione con carta di credito o pagamento anticipato. Il numero minimo di notti dipende dalla stagione [&hellip;]<\/p>\n","protected":false},"author":1,"featured_media":0,"parent":0,"menu_order":0,"comment_status":"closed","ping_status":"closed","template":"","meta":{"inline_featured_image":false,"_monsterinsights_skip_tracking":false,"_monsterinsights_sitenote_active":false,"_monsterinsights_sitenote_note":"","_monsterinsights_sitenote_category":0,"footnotes":""},"class_list":["post-7868","page","type-page","status-publish","hentry"],"_links":{"self":[{"href":"https:\/\/alp-rent.com\/it\/wp-json\/wp\/v2\/pages\/7868","targetHints":{"allow":["GET"]}}],"collection":[{"href":"https:\/\/alp-rent.com\/it\/wp-json\/wp\/v2\/pages"}],"about":[{"href":"https:\/\/alp-rent.com\/it\/wp-json\/wp\/v2\/types\/page"}],"author":[{"embeddable":true,"href":"https:\/\/alp-rent.com\/it\/wp-json\/wp\/v2\/users\/1"}],"replies":[{"embeddable":true,"href":"https:\/\/alp-rent.com\/it\/wp-json\/wp\/v2\/comments?post=7868"}],"version-history":[{"count":0,"href":"https:\/\/alp-rent.com\/it\/wp-json\/wp\/v2\/pages\/7868\/revisions"}],"wp:attachment":[{"href":"https:\/\/alp-rent.com\/it\/wp-json\/wp\/v2\/media?parent=7868"}],"curies":[{"name":"wp","href":"https:\/\/api.w.org\/{rel}","templated":true}]}}