{"id":7648,"date":"2020-06-26T09:12:00","date_gmt":"2020-06-26T08:12:00","guid":{"rendered":"https:\/\/alp-rent.com\/informativa-sulla-privacy\/"},"modified":"2020-06-26T09:12:00","modified_gmt":"2020-06-26T08:12:00","slug":"informativa-sulla-privacy","status":"publish","type":"page","link":"https:\/\/alp-rent.com\/it\/informativa-sulla-privacy\/","title":{"rendered":"Informativa sulla privacy"},"content":{"rendered":"<h2><strong>PROTEZIONE DEI DATI PERSONALI<\/strong><\/h2>\n<p>Rispettiamo la tua privacy e ci impegniamo a proteggere i dati personali raccolti attraverso il Sistema Informativo Online e a non rivelarli a terzi o utilizzarli per altri scopi senza il tuo consenso. Poich\u00e9 nel Sistema Informativo Online sono presenti alcuni link ad altri siti web esterni che non sono collegati a noi, non ci assumiamo alcuna responsabilit\u00e0 per la protezione dei dati di tali siti. Allo stesso tempo, ci impegniamo a fare del nostro meglio per proteggere i dati e la privacy dei visitatori del sito web. Al fine di prevenire l&#8217;accesso non autorizzato o la divulgazione dei dati ottenuti, di preservare l&#8217;accuratezza dei dati personali e di garantirne l&#8217;uso appropriato, utilizziamo procedure tecniche e organizzative appropriate per proteggere i dati raccolti. <\/p>\n<h3><strong>1. Chi \u00e8 il raccoglitore dei dati personali?<\/strong><\/h3>\n<p>Il Titolare del trattamento dei dati \u00e8 <strong>Peter Kodermac s.p., Brod 7, 1370 Logatec, Slovenia<\/strong><strong> (di seguito indicato come il Titolare del trattamento).<\/strong> <\/p>\n<h3><strong>2. Quali dati raccogliamo?<\/strong><\/h3>\n<p>Il Titolare del trattamento raccoglie, gestisce, elabora e conserva i seguenti dati degli utenti al fine di fornire i servizi offerti:<\/p>\n<ul>\n<li>nome e cognome;<\/li>\n<li>indirizzi di contatto;<\/li>\n<li>indirizzo e-mail (nome utente);<\/li>\n<li>il tuo numero IP;<\/li>\n<li>un numero di telefono di contatto;<\/li>\n<li>altre informazioni che l&#8217;utente inserisce volontariamente nei moduli;<\/li>\n<\/ul>\n<p>Il Titolare del trattamento non \u00e8 responsabile dell&#8217;accuratezza, della completezza e della tempestivit\u00e0 dei dati inseriti dagli utenti.<\/p>\n<h3><strong>3. Per quali scopi raccogliamo i dati personali?<\/strong><\/h3>\n<p>Il Titolare del trattamento dei dati \u00e8 tenuto a proteggere i dati personali degli utenti del suo sito web in conformit\u00e0 alle norme sulla protezione dei dati personali. In nessun caso il Titolare del trattamento divulgher\u00e0 i dati personali o di altro tipo dell&#8217;Utente a terzi senza l&#8217;espressa autorizzazione dell&#8217;Utente, n\u00e9 consentir\u00e0 a terzi di consultare i dati personali o di altro tipo dell&#8217;Utente, a meno che non sia richiesto dalle autorit\u00e0 pubbliche, se tale obbligo \u00e8 previsto dalla legge, o nella convinzione in buona fede che tale azione sia necessaria per procedimenti legali dinanzi a tribunali o altre autorit\u00e0 pubbliche o per la protezione e il perseguimento dei legittimi interessi del Titolare del trattamento. Tutti i dati personali e di altro tipo forniti dall&#8217;utente saranno protetti in conformit\u00e0 alle norme che regolano la protezione dei dati personali. Il Titolare del trattamento non utilizzer\u00e0 tali dati per scopi che possano in qualche modo danneggiare l&#8217;Utente o qualsiasi altra persona coinvolta. Il Titolare del trattamento non utilizzer\u00e0 i dati dell&#8217;utente per l&#8217;invio di e-mail promozionali o altro materiale promozionale non richiesto, se non per l&#8217;invio di comunicazioni promozionali a cui l&#8217;utente si \u00e8 iscritto o ha acconsentito. Il Titolare del trattamento potr\u00e0 utilizzare i dati in forma anonima e aggregata per finalit\u00e0 di analisi statistica.<br \/>\nLa riservatezza dei dati personali e degli altri dati degli utenti non sar\u00e0 violata in alcun modo. <strong>Comunicazione tramite il modulo di contatto online<\/strong> Sul sito web \u00e8 possibile contattarci tramite il modulo di contatto online per richiedere informazioni sui servizi o per inviare domande all&#8217;indirizzo e-mail. \u00c8 inoltre possibile contattarci direttamente via e-mail, posta ordinaria o telecomunicazioni. Quando compili il nostro modulo online per fare una richiesta, un commento o una domanda, \u00e8 obbligatorio compilare i campi &#8220;nome e cognome&#8221;, &#8220;indirizzo e-mail&#8221; e &#8220;messaggio&#8221;. Devi inoltre confermare espressamente che, inviando la tua richiesta, il tuo commento o la tua domanda tramite il modulo di contatto e inserendo i tuoi dati, accetti e riconosci che i tuoi dati (nome e cognome, indirizzo e-mail e numero di telefono) saranno memorizzati nel nostro database allo scopo di conservare i dati dei clienti e garantire una comunicazione corretta per 2 anni dopo l&#8217;invio del modulo di contatto e che sei consapevole di poterci chiedere di cancellare i tuoi dati in qualsiasi momento. Puoi richiedere la cancellazione dei tuoi dati utilizzando il modulo di contatto che trovi qui. Se non indichi di accettare l&#8217;informativa sulla privacy, la tua richiesta di informazioni via e-mail non sar\u00e0 inoltrata a noi. I tuoi dati personali ci servono per rispondere alle tue richieste o domande relative ai nostri servizi. Tratteremo i dati inseriti nel modulo online solo se ci\u00f2 \u00e8 necessario per le nostre operazioni commerciali e per la conservazione (archiviazione). Il titolare del trattamento dei dati conserver\u00e0 i dati personali degli utenti in un archivio di dati personali solo per il tempo strettamente necessario a raggiungere lo scopo per cui i dati personali sono stati raccolti e conservati.    <\/p>\n<h3><strong>4. Attuazione dell&#8217;Informativa sulla privacy<\/strong><\/h3>\n<p>In conformit\u00e0 con la legge sulla protezione dei dati personali, il Titolare del trattamento ha disciplinato la protezione dei dati personali nel Regolamento sulla protezione dei dati personali. Tutte le persone impiegate dal Titolare del trattamento, sia a tempo pieno che a tempo parziale, che hanno accesso ai dati personali e di altro tipo degli utenti sono a conoscenza delle disposizioni del Regolamento sulla protezione dei dati personali e dell&#8217;obbligo di proteggere i dati personali e di altro tipo e sono tenute a rispettare tali disposizioni sulla protezione della riservatezza dei dati personali e della privacy degli utenti del negozio online. L&#8217;obbligo di protezione dei dati personali e degli altri dati si applica a tempo indeterminato, anche dopo la cessazione del rapporto con il Titolare del trattamento.<\/p>\n<h3><strong>5. I tuoi diritti<\/strong><\/h3>\n<p>Abbiamo l&#8217;obbligo di trattare i dati personali solo per gli scopi per cui sono stati raccolti. Hai il diritto di controllarci a questo proposito. Puoi chiederci in qualsiasi momento di fornirti l&#8217;accesso ai tuoi dati personali da noi trattati, di fornirti informazioni (copia, estratto) sul trattamento dei tuoi dati personali o di richiedere la rettifica, il divieto di trattamento o la cancellazione dei tuoi dati personali. Puoi richiedere la rettifica, il divieto di trattamento o la cancellazione dei tuoi dati personali utilizzando il modulo di contatto. Ti preghiamo di inviare qualsiasi domanda o richiesta al nostro indirizzo e-mail o di chiamarci. Se non sei soddisfatto della nostra risposta alla tua richiesta di accesso, rettifica, divieto di trattamento o cancellazione dei tuoi dati personali, o se ritieni che i tuoi diritti alla protezione dei dati personali siano stati violati, puoi presentare un reclamo all&#8217;Autorit\u00e0 di vigilanza nazionale al seguente indirizzo: Repubblica di Slovenia, Information Commissioner, Zalo\u0161ka 59, 1000 Lubiana.    <\/p>\n<h3><strong>6. Ulteriori chiarimenti<\/strong><\/h3>\n<p>Se hai domande, dubbi o commenti sulla presente Informativa sulla privacy, puoi contattarci anche via e-mail:  <a class=\"oajrlxb2 g5ia77u1 qu0x051f esr5mh6w e9989ue4 r7d6kgcz rq0escxv nhd2j8a9 nc684nl6 p7hjln8o kvgmc6g5 cxmmr5t8 oygrvhab hcukyx3x jb3vyjys rz4wbd8a qt6c0cv9 a8nywdso i1ao9s8h esuyzwwr f1sip0of lzcic4wl py34i1dx gpro0wi8\" tabindex=\"0\" role=\"link\" href=\"mailto:info@kolpa-rozi.com\" target=\"_blank\" rel=\"noopener\">info@kolpa-rozi.com<\/a><\/p>\n","protected":false},"excerpt":{"rendered":"<p>PROTEZIONE DEI DATI PERSONALI Rispettiamo la tua privacy e ci impegniamo a proteggere i dati personali raccolti attraverso il Sistema Informativo Online e a non rivelarli a terzi o utilizzarli per altri scopi senza il tuo consenso. Poich\u00e9 nel Sistema Informativo Online sono presenti alcuni link ad altri siti web esterni che non sono collegati [&hellip;]<\/p>\n","protected":false},"author":1,"featured_media":0,"parent":0,"menu_order":0,"comment_status":"closed","ping_status":"closed","template":"","meta":{"inline_featured_image":false,"_monsterinsights_skip_tracking":false,"_monsterinsights_sitenote_active":false,"_monsterinsights_sitenote_note":"","_monsterinsights_sitenote_category":0,"footnotes":""},"class_list":["post-7648","page","type-page","status-publish","hentry"],"_links":{"self":[{"href":"https:\/\/alp-rent.com\/it\/wp-json\/wp\/v2\/pages\/7648","targetHints":{"allow":["GET"]}}],"collection":[{"href":"https:\/\/alp-rent.com\/it\/wp-json\/wp\/v2\/pages"}],"about":[{"href":"https:\/\/alp-rent.com\/it\/wp-json\/wp\/v2\/types\/page"}],"author":[{"embeddable":true,"href":"https:\/\/alp-rent.com\/it\/wp-json\/wp\/v2\/users\/1"}],"replies":[{"embeddable":true,"href":"https:\/\/alp-rent.com\/it\/wp-json\/wp\/v2\/comments?post=7648"}],"version-history":[{"count":0,"href":"https:\/\/alp-rent.com\/it\/wp-json\/wp\/v2\/pages\/7648\/revisions"}],"wp:attachment":[{"href":"https:\/\/alp-rent.com\/it\/wp-json\/wp\/v2\/media?parent=7648"}],"curies":[{"name":"wp","href":"https:\/\/api.w.org\/{rel}","templated":true}]}}