{"id":8261,"date":"2024-12-04T11:29:42","date_gmt":"2024-12-04T10:29:42","guid":{"rendered":"https:\/\/alp-rent.com\/?page_id=8261"},"modified":"2024-12-04T11:51:24","modified_gmt":"2024-12-04T10:51:24","slug":"angeln","status":"publish","type":"page","link":"https:\/\/alp-rent.com\/de\/aktivitaeten\/angeln\/","title":{"rendered":"Angeln"},"content":{"rendered":"<p>F\u00fcr diejenigen, die Angeln ausprobieren, Angelpl\u00e4tze erkunden und verschiedene Fischarten im Kolpa-Fluss entdecken m\u00f6chten.<\/p>\n","protected":false},"excerpt":{"rendered":"<p>F\u00fcr diejenigen, die Angeln ausprobieren, Angelpl\u00e4tze erkunden und verschiedene Fischarten im Kolpa-Fluss entdecken m\u00f6chten.<\/p>\n","protected":false},"author":3,"featured_media":8242,"parent":7602,"menu_order":0,"comment_status":"closed","ping_status":"closed","template":"","meta":{"inline_featured_image":false,"_monsterinsights_skip_tracking":false,"_monsterinsights_sitenote_active":false,"_monsterinsights_sitenote_note":"","_monsterinsights_sitenote_category":0,"footnotes":""},"class_list":["post-8261","page","type-page","status-publish","has-post-thumbnail","hentry"],"_links":{"self":[{"href":"https:\/\/alp-rent.com\/de\/wp-json\/wp\/v2\/pages\/8261","targetHints":{"allow":["GET"]}}],"collection":[{"href":"https:\/\/alp-rent.com\/de\/wp-json\/wp\/v2\/pages"}],"about":[{"href":"https:\/\/alp-rent.com\/de\/wp-json\/wp\/v2\/types\/page"}],"author":[{"embeddable":true,"href":"https:\/\/alp-rent.com\/de\/wp-json\/wp\/v2\/users\/3"}],"replies":[{"embeddable":true,"href":"https:\/\/alp-rent.com\/de\/wp-json\/wp\/v2\/comments?post=8261"}],"version-history":[{"count":1,"href":"https:\/\/alp-rent.com\/de\/wp-json\/wp\/v2\/pages\/8261\/revisions"}],"predecessor-version":[{"id":8262,"href":"https:\/\/alp-rent.com\/de\/wp-json\/wp\/v2\/pages\/8261\/revisions\/8262"}],"up":[{"embeddable":true,"href":"https:\/\/alp-rent.com\/de\/wp-json\/wp\/v2\/pages\/7602"}],"wp:featuredmedia":[{"embeddable":true,"href":"https:\/\/alp-rent.com\/de\/wp-json\/wp\/v2\/media\/8242"}],"wp:attachment":[{"href":"https:\/\/alp-rent.com\/de\/wp-json\/wp\/v2\/media?parent=8261"}],"curies":[{"name":"wp","href":"https:\/\/api.w.org\/{rel}","templated":true}]}}