{"id":7867,"date":"2020-06-26T09:18:29","date_gmt":"2020-06-26T08:18:29","guid":{"rendered":"https:\/\/alp-rent.com\/bedingungen-und-konditionen\/"},"modified":"2020-06-26T09:18:29","modified_gmt":"2020-06-26T08:18:29","slug":"bedingungen-und-konditionen","status":"publish","type":"page","link":"https:\/\/alp-rent.com\/de\/bedingungen-und-konditionen\/","title":{"rendered":"Bedingungen und Konditionen"},"content":{"rendered":"<h2>1. Reservierungen<\/h2>\n<ul>\n<li>Diese Allgemeinen Gesch\u00e4ftsbedingungen f\u00fcr den Beherbergungsvertrag treten in Kraft, sobald wir eine verbindliche Reservierung f\u00fcr Ihre Ankunft erhalten haben.<\/li>\n<li>Sie k\u00f6nnen per Telefon, E-Mail oder \u00fcber unser Online-Buchungssystem reservieren.<\/li>\n<li>Sie k\u00f6nnen Ihre Reservierung per Kreditkarte oder Vorauszahlung best\u00e4tigen.<\/li>\n<li>Die Mindestanzahl der N\u00e4chte h\u00e4ngt von der Buchungssaison ab, die auf der Registerkarte Kontakt und Buchung angegeben ist.<\/li>\n<\/ul>\n<h2>2. die Ankunft<\/h2>\n<ul>\n<li>Reservierungen sind g\u00fcltig von 14:00 Uhr am Anreisetag bis 10:00 Uhr am Abreisetag.  <\/li>\n<li>Sie erhalten einige Tage vor Ihrer Ankunft per E-Mail Anweisungen f\u00fcr die Schl\u00fcsselabholung.<\/li>\n<\/ul>\n<h2>3. die Bezahlung<\/h2>\n<ul>\n<li>Sie k\u00f6nnen Ihre Unterkunft mit Kreditkarte oder Paypal bezahlen.<\/li>\n<li>Im Falle der Stornierung einer mit Kreditkarte und Paypal bezahlten Reservierung ist der Kunde f\u00fcr die R\u00fcckerstattungsgeb\u00fchr verantwortlich.<\/li>\n<\/ul>\n<h2>4. die Preise<\/h2>\n<ul>\n<li>Die Unterkunftspreise enthalten die Mehrwertsteuer.<\/li>\n<li>Im Zimmerpreis nicht enthalten sind Getr\u00e4nke, Essen, Telefon und Babysitting.<\/li>\n<li>Sonder- und Aktionsangebote sind g\u00fcltig, es sei denn, der Aufenthalt wird verk\u00fcrzt.<\/li>\n<li>Die Rabatte sind nicht kumulierbar.<\/li>\n<\/ul>\n<h2>5. touristische Steuer<\/h2>\n<ul>\n<li>Der Preis f\u00fcr die Unterkunft erh\u00f6ht sich um den Betrag der Kurtaxe, der durch eine Verordnung der Gemeinde Osilnica und der Gemeinde Kostel festgelegt wird.<\/li>\n<\/ul>\n<h2>6. antwort<\/h2>\n<ul>\n<li>bei einer Stornierung 30 Tage vor der Ankunft wird der volle Betrag der Vorauszahlung zur\u00fcckerstattet,<\/li>\n<li>Stornierungen, die weniger als 30 Tage vor der Ankunft erfolgen, werden mit 30 Prozent des Buchungsbetrags berechnet,<\/li>\n<li>Bei Stornierungen, die 21 Tage vor der Ankunft erfolgen, wird der volle Betrag der Reservierung berechnet.<\/li>\n<\/ul>\n<ul>\n<li>Bei vorzeitiger Abreise wird f\u00fcr jede stornierte Nacht eine Geb\u00fchr erhoben.<\/li>\n<li>Die Stornierung muss schriftlich erfolgen.<\/li>\n<li>Wenn Sie aufgrund einer Coronavirus-Epidemie nicht reisen k\u00f6nnen, informieren Sie bitte Ihren Gastgeber mindestens 3 Tage vor Ihrer Ankunft.<\/li>\n<\/ul>\n<h2>7. haustiere<\/h2>\n<ul>\n<li>Wenn Sie Haustiere mitbringen m\u00f6chten, m\u00fcssen Sie Ihren Gastgeber im Voraus informieren.<\/li>\n<li>Haustiere sind gegen einen Aufpreis erlaubt.<\/li>\n<\/ul>\n<h2>8. rauchen<\/h2>\n<ul>\n<li>Das Rauchen ist im Ferienhaus nicht erlaubt. Sie k\u00f6nnen drau\u00dfen rauchen. <\/li>\n<\/ul>\n<h2>9. das Recht auf Ablehnung<\/h2>\n<ul>\n<li>Wir behalten uns das Recht vor, eine Buchung abzulehnen und unter besonderen Umst\u00e4nden Ihr Paket zu stornieren, anzupassen oder zu \u00e4ndern.<\/li>\n<li>Wenn wir eine Buchung stornieren, anpassen oder \u00e4ndern m\u00fcssen, werden wir unser Bestes tun, um Ihnen einen Alternativtermin anzubieten. Wenn Sie unser Alternativangebot nicht annehmen, erstatten wir Ihnen das Geld zur\u00fcck, das Sie bereits bezahlt haben. <\/li>\n<\/ul>\n<h2>10. die Anzahl der G\u00e4ste<\/h2>\n<ul>\n<li>Der Eigent\u00fcmer beh\u00e4lt sich das Recht vor, den Zutritt zu verweigern oder die gesamte Gruppe zu verweisen, wenn die Anzahl der Personen die im Vertrag angegebene Anzahl \u00fcberschreitet.<\/li>\n<\/ul>\n<h2>11. den Verlust und die Besch\u00e4digung von Eigentum der G\u00e4ste<\/h2>\n<ul>\n<li>Leider k\u00f6nnen wir nicht f\u00fcr verlorenes oder besch\u00e4digtes Eigentum oder f\u00fcr Verletzungen verantwortlich gemacht werden, die Sie oder jemand aus Ihrer Gruppe w\u00e4hrend Ihres Aufenthaltes auf unserem Grundst\u00fcck erleiden.<\/li>\n<li>Sie k\u00f6nnen Ihr Geld und Ihre Wertsachen in dem Safe aufbewahren.<\/li>\n<\/ul>\n<h2>12. reklamationen<\/h2>\n<ul>\n<li>Bei M\u00e4ngeln in der Unterkunft muss der Gast den Gastgeber unverz\u00fcglich informieren und ihm die M\u00f6glichkeit geben, das Problem innerhalb einer angemessenen Frist zu beheben. Tut der Gast dies nicht, ist er nicht berechtigt, die Dauer der Unterkunft zu \u00e4ndern. <\/li>\n<\/ul>\n<h2>13. der Zugang und das Recht auf Einreise<\/h2>\n<ul>\n<li>Wir behalten uns das Recht vor, das Ferienhaus zu angemessenen Zeiten und aus legitimen Gr\u00fcnden zu betreten.<\/li>\n<li>Der Eigent\u00fcmer der Immobilie und das Wartungspersonal d\u00fcrfen die Ferienwohnung aus berechtigten Gr\u00fcnden betreten, insbesondere f\u00fcr dringende Wartungs- und Inspektionsarbeiten.<\/li>\n<\/ul>\n<h2>14. illegale Nutzung<\/h2>\n<ul>\n<li>Dieser Vertrag wird ohne R\u00fcckerstattung der Kosten oder der Mietkaution gek\u00fcndigt, wenn illegaler Drogenkonsum, Missbrauch einer Person, Fl\u00fcchtlingsunterkunft usw. vorliegt.<\/li>\n<\/ul>\n<h2>15. die Ruhezeiten<\/h2>\n<ul>\n<li>Die Ruhezeiten im Ferienhaus sind t\u00e4glich von 22:00 bis 07:00 Uhr.<\/li>\n<li>Partys oder &#8220;Hauspartys&#8221; sind nicht erlaubt.<\/li>\n<\/ul>\n<h2>16. kreditkartenvertrag<\/h2>\n<ul>\n<li>Der Kunde akzeptiert alle Bedingungen des Mietvertrags und \u00fcbernimmt alle Verpflichtungen f\u00fcr die Miete und Ausgaben im Zusammenhang mit der Anmietung des Hauses sowie alle Sch\u00e4den, die \u00fcber den normalen Verschlei\u00df hinausgehen, w\u00e4hrend der Dauer der Anmietung in der Villa. Der Kunde erkl\u00e4rt sich damit einverstanden, dass diese Kosten \u00fcber die Kreditkarte abgerechnet werden. In Ermangelung eines anderen Zahlungsmittels erm\u00e4chtigt der Kunde Naval Spycom Ltd., die Kreditkarte des Kunden f\u00fcr die Bezahlung aller aufgef\u00fchrten Posten zu belasten. Naval Spycom Ltd. kann Geldmittel oder Kreditkarten von anderen Vermittlern (AirBnB, Booking.com, Expedia &#8230;) einholen.   <\/li>\n<\/ul>\n<h2>17 \u00c4nderungen oder Stornierung durch den Vermieter<\/h2>\n<ul>\n<li>Der Vermieter hat das Recht, diesen Vertrag jederzeit zu \u00e4ndern oder zu k\u00fcndigen, unabh\u00e4ngig davon, ob dies aufgrund h\u00f6herer Gewalt oder aus anderen Gr\u00fcnden, die au\u00dferhalb der Kontrolle des Vermieters liegen, geschieht. In diesem Fall erstattet der Vermieter alle von Ihnen bereits geleisteten Zahlungen zur\u00fcck. Die Haftung des Vermieters ist auf die R\u00fcckerstattung der Kaution beschr\u00e4nkt. Der Vermieter haftet nicht f\u00fcr andere Sch\u00e4den.   <\/li>\n<\/ul>\n","protected":false},"excerpt":{"rendered":"<p>1. Reservierungen Diese Allgemeinen Gesch\u00e4ftsbedingungen f\u00fcr den Beherbergungsvertrag treten in Kraft, sobald wir eine verbindliche Reservierung f\u00fcr Ihre Ankunft erhalten haben. Sie k\u00f6nnen per Telefon, E-Mail oder \u00fcber unser Online-Buchungssystem reservieren. Sie k\u00f6nnen Ihre Reservierung per Kreditkarte oder Vorauszahlung best\u00e4tigen. Die Mindestanzahl der N\u00e4chte h\u00e4ngt von der Buchungssaison ab, die auf der Registerkarte Kontakt und [&hellip;]<\/p>\n","protected":false},"author":1,"featured_media":0,"parent":0,"menu_order":0,"comment_status":"closed","ping_status":"closed","template":"","meta":{"inline_featured_image":false,"_monsterinsights_skip_tracking":false,"_monsterinsights_sitenote_active":false,"_monsterinsights_sitenote_note":"","_monsterinsights_sitenote_category":0,"footnotes":""},"class_list":["post-7867","page","type-page","status-publish","hentry"],"_links":{"self":[{"href":"https:\/\/alp-rent.com\/de\/wp-json\/wp\/v2\/pages\/7867","targetHints":{"allow":["GET"]}}],"collection":[{"href":"https:\/\/alp-rent.com\/de\/wp-json\/wp\/v2\/pages"}],"about":[{"href":"https:\/\/alp-rent.com\/de\/wp-json\/wp\/v2\/types\/page"}],"author":[{"embeddable":true,"href":"https:\/\/alp-rent.com\/de\/wp-json\/wp\/v2\/users\/1"}],"replies":[{"embeddable":true,"href":"https:\/\/alp-rent.com\/de\/wp-json\/wp\/v2\/comments?post=7867"}],"version-history":[{"count":0,"href":"https:\/\/alp-rent.com\/de\/wp-json\/wp\/v2\/pages\/7867\/revisions"}],"wp:attachment":[{"href":"https:\/\/alp-rent.com\/de\/wp-json\/wp\/v2\/media?parent=7867"}],"curies":[{"name":"wp","href":"https:\/\/api.w.org\/{rel}","templated":true}]}}