{"id":7594,"date":"2022-12-16T11:05:22","date_gmt":"2022-12-16T10:05:22","guid":{"rendered":"https:\/\/alp-rent.com\/bohinj\/"},"modified":"2024-11-22T14:24:21","modified_gmt":"2024-11-22T13:24:21","slug":"bohinj","status":"publish","type":"page","link":"https:\/\/alp-rent.com\/de\/bohinj\/","title":{"rendered":"BOHINJ"},"content":{"rendered":"","protected":false},"excerpt":{"rendered":"<p>Sie m\u00f6chten eine versteckte Oase unber\u00fchrter Natur entdecken, die sch\u00f6nen Wander-, Kletter- und Radwege, die sich in den Julischen Alpen und im Triglav-Nationalpark verstecken. Wir sind hier, unser Angebot wartet auf Sie.<\/p>\n","protected":false},"author":1,"featured_media":7413,"parent":0,"menu_order":0,"comment_status":"open","ping_status":"closed","template":"","meta":{"inline_featured_image":false,"_monsterinsights_skip_tracking":false,"_monsterinsights_sitenote_active":false,"_monsterinsights_sitenote_note":"","_monsterinsights_sitenote_category":0,"footnotes":""},"class_list":["post-7594","page","type-page","status-publish","has-post-thumbnail","hentry"],"_links":{"self":[{"href":"https:\/\/alp-rent.com\/de\/wp-json\/wp\/v2\/pages\/7594","targetHints":{"allow":["GET"]}}],"collection":[{"href":"https:\/\/alp-rent.com\/de\/wp-json\/wp\/v2\/pages"}],"about":[{"href":"https:\/\/alp-rent.com\/de\/wp-json\/wp\/v2\/types\/page"}],"author":[{"embeddable":true,"href":"https:\/\/alp-rent.com\/de\/wp-json\/wp\/v2\/users\/1"}],"replies":[{"embeddable":true,"href":"https:\/\/alp-rent.com\/de\/wp-json\/wp\/v2\/comments?post=7594"}],"version-history":[{"count":1,"href":"https:\/\/alp-rent.com\/de\/wp-json\/wp\/v2\/pages\/7594\/revisions"}],"predecessor-version":[{"id":7595,"href":"https:\/\/alp-rent.com\/de\/wp-json\/wp\/v2\/pages\/7594\/revisions\/7595"}],"wp:featuredmedia":[{"embeddable":true,"href":"https:\/\/alp-rent.com\/de\/wp-json\/wp\/v2\/media\/7413"}],"wp:attachment":[{"href":"https:\/\/alp-rent.com\/de\/wp-json\/wp\/v2\/media?parent=7594"}],"curies":[{"name":"wp","href":"https:\/\/api.w.org\/{rel}","templated":true}]}}